{"id":3609,"date":"2021-10-04T11:34:41","date_gmt":"2021-10-04T09:34:41","guid":{"rendered":"https:\/\/www.merletoys.com\/produkt\/holzeier-spielzeug-kinderkuechen-zubehoer-holz\/"},"modified":"2026-04-20T11:15:34","modified_gmt":"2026-04-20T09:15:34","slug":"wooden-eggs-toy-kids-kitchen-accessories-wood","status":"publish","type":"product","link":"https:\/\/www.merletoys.com\/en\/product\/wooden-eggs-toy-kids-kitchen-accessories-wood\/","title":{"rendered":"6 wooden egg toys crafted from cherry wood"},"content":{"rendered":"","protected":false},"excerpt":{"rendered":"<ul>\n<li>Perfect addition to any play kitchen<\/li>\n<li>Play tip: Match the halves!<\/li>\n<li>With velcro connection in yolk design<\/li>\n<li>Includes practical wooden tray<\/li>\n<\/ul>\n","protected":false},"featured_media":11995,"comment_status":"open","ping_status":"closed","template":"","meta":{"_acf_changed":false},"product_brand":[],"product_cat":[374,380,157,309],"product_tag":[],"class_list":{"0":"post-3609","1":"product","2":"type-product","3":"status-publish","4":"has-post-thumbnail","6":"product_cat-toys-for-2-year-olds","7":"product_cat-play-kitchen-accessories","8":"product_cat-role-play-toys","9":"product_cat-toys","11":"first","12":"outofstock","13":"sale","14":"taxable","15":"shipping-taxable","16":"purchasable","17":"product-type-simple"},"acf":[],"gallery_images":[11996,11998,12002,12000,12004,12006,12010,12008,11992],"yoast_head":"<!-- This site is optimized with the Yoast SEO plugin v27.5 - https:\/\/yoast.com\/product\/yoast-seo-wordpress\/ -->\n<title>Wooden Egg Toys \u2013 Perfect for Pretend Play Fun<\/title>\n<meta name=\"description\" content=\"Discover our lovingly designed wooden egg toys \u2013 perfect for imaginative role play and Montessori-inspired learning for children aged 2 and up.\" \/>\n<meta name=\"robots\" content=\"index, follow, max-snippet:-1, max-image-preview:large, max-video-preview:-1\" \/>\n<link rel=\"canonical\" href=\"https:\/\/www.merletoys.com\/en\/product\/wooden-eggs-toy-kids-kitchen-accessories-wood\/\" \/>\n<meta property=\"og:locale\" content=\"en_US\" \/>\n<meta property=\"og:type\" content=\"article\" \/>\n<meta property=\"og:title\" content=\"Wooden Egg Toys \u2013 Perfect for Pretend Play Fun\" \/>\n<meta property=\"og:description\" content=\"Discover our lovingly designed wooden egg toys \u2013 perfect for imaginative role play and Montessori-inspired learning for children aged 2 and up.\" \/>\n<meta property=\"og:url\" content=\"https:\/\/www.merletoys.com\/en\/product\/wooden-eggs-toy-kids-kitchen-accessories-wood\/\" \/>\n<meta property=\"og:site_name\" content=\"Merle Toys\" \/>\n<meta property=\"article:modified_time\" content=\"2026-04-20T09:15:34+00:00\" \/>\n<meta property=\"og:image\" content=\"https:\/\/www.merletoys.com\/wp-content\/uploads\/2021\/10\/Merle-Toys\u00ae-6-Spielzeug-Eier-Holzeier-fuer-Kinder-ab-2-3-4-Jahren-Kinderkueche-Zubehoer-Holz-Einkaufsladen-Kaufmannsladen-Zubehoer-Ostergeschenke-Kinder-Kaufladen-Zubehoer-aus-Holz2.jpg\" \/>\n\t<meta property=\"og:image:width\" content=\"2000\" \/>\n\t<meta property=\"og:image:height\" content=\"2000\" \/>\n\t<meta property=\"og:image:type\" content=\"image\/jpeg\" \/>\n<meta name=\"twitter:card\" content=\"summary_large_image\" \/>\n<meta name=\"twitter:label1\" content=\"Est. reading time\" \/>\n\t<meta name=\"twitter:data1\" content=\"1 minute\" \/>\n<script type=\"application\/ld+json\" class=\"yoast-schema-graph\">{\"@context\":\"https:\\\/\\\/schema.org\",\"@graph\":[{\"@type\":\"WebPage\",\"@id\":\"https:\\\/\\\/www.merletoys.com\\\/en\\\/product\\\/wooden-eggs-toy-kids-kitchen-accessories-wood\\\/\",\"url\":\"https:\\\/\\\/www.merletoys.com\\\/en\\\/product\\\/wooden-eggs-toy-kids-kitchen-accessories-wood\\\/\",\"name\":\"Wooden Egg Toys \u2013 Perfect for Pretend Play Fun\",\"isPartOf\":{\"@id\":\"https:\\\/\\\/www.merletoys.com\\\/en\\\/#website\"},\"primaryImageOfPage\":{\"@id\":\"https:\\\/\\\/www.merletoys.com\\\/en\\\/product\\\/wooden-eggs-toy-kids-kitchen-accessories-wood\\\/#primaryimage\"},\"image\":{\"@id\":\"https:\\\/\\\/www.merletoys.com\\\/en\\\/product\\\/wooden-eggs-toy-kids-kitchen-accessories-wood\\\/#primaryimage\"},\"thumbnailUrl\":\"https:\\\/\\\/www.merletoys.com\\\/wp-content\\\/uploads\\\/2021\\\/10\\\/Merle-Toys\u00ae-6-Spielzeug-Eier-Holzeier-fuer-Kinder-ab-2-3-4-Jahren-Kinderkueche-Zubehoer-Holz-Einkaufsladen-Kaufmannsladen-Zubehoer-Ostergeschenke-Kinder-Kaufladen-Zubehoer-aus-Holz2.jpg\",\"datePublished\":\"2021-10-04T09:34:41+00:00\",\"dateModified\":\"2026-04-20T09:15:34+00:00\",\"description\":\"Discover our lovingly designed wooden egg toys \u2013 perfect for imaginative role play and Montessori-inspired learning for children aged 2 and up.\",\"breadcrumb\":{\"@id\":\"https:\\\/\\\/www.merletoys.com\\\/en\\\/product\\\/wooden-eggs-toy-kids-kitchen-accessories-wood\\\/#breadcrumb\"},\"inLanguage\":\"en-US\",\"potentialAction\":[{\"@type\":\"ReadAction\",\"target\":[\"https:\\\/\\\/www.merletoys.com\\\/en\\\/product\\\/wooden-eggs-toy-kids-kitchen-accessories-wood\\\/\"]}]},{\"@type\":\"ImageObject\",\"inLanguage\":\"en-US\",\"@id\":\"https:\\\/\\\/www.merletoys.com\\\/en\\\/product\\\/wooden-eggs-toy-kids-kitchen-accessories-wood\\\/#primaryimage\",\"url\":\"https:\\\/\\\/www.merletoys.com\\\/wp-content\\\/uploads\\\/2021\\\/10\\\/Merle-Toys\u00ae-6-Spielzeug-Eier-Holzeier-fuer-Kinder-ab-2-3-4-Jahren-Kinderkueche-Zubehoer-Holz-Einkaufsladen-Kaufmannsladen-Zubehoer-Ostergeschenke-Kinder-Kaufladen-Zubehoer-aus-Holz2.jpg\",\"contentUrl\":\"https:\\\/\\\/www.merletoys.com\\\/wp-content\\\/uploads\\\/2021\\\/10\\\/Merle-Toys\u00ae-6-Spielzeug-Eier-Holzeier-fuer-Kinder-ab-2-3-4-Jahren-Kinderkueche-Zubehoer-Holz-Einkaufsladen-Kaufmannsladen-Zubehoer-Ostergeschenke-Kinder-Kaufladen-Zubehoer-aus-Holz2.jpg\",\"width\":2000,\"height\":2000,\"caption\":\"Sechs bunte spielzeug Eier aus Holz f\u00fcr Kinder, hochwertiges Kinderk\u00fcche Zubeh\u00f6r Holz, perfekt f\u00fcr Kaufladen, Einkaufsladen und Kaufmannsladen Zubeh\u00f6r, tolles Ostergeschenk f\u00fcr Kinder ab 2 Jahren.\"},{\"@type\":\"BreadcrumbList\",\"@id\":\"https:\\\/\\\/www.merletoys.com\\\/en\\\/product\\\/wooden-eggs-toy-kids-kitchen-accessories-wood\\\/#breadcrumb\",\"itemListElement\":[{\"@type\":\"ListItem\",\"position\":1,\"name\":\"Home\",\"item\":\"https:\\\/\\\/www.merletoys.com\\\/en\\\/\"},{\"@type\":\"ListItem\",\"position\":2,\"name\":\"Products\",\"item\":\"https:\\\/\\\/www.merletoys.com\\\/produkte\\\/\"},{\"@type\":\"ListItem\",\"position\":3,\"name\":\"6 wooden egg toys crafted from cherry wood\"}]},{\"@type\":\"WebSite\",\"@id\":\"https:\\\/\\\/www.merletoys.com\\\/en\\\/#website\",\"url\":\"https:\\\/\\\/www.merletoys.com\\\/en\\\/\",\"name\":\"Merle Toys\",\"description\":\"Hochwertige Holzspielzeuge f\u00fcr Kinder\",\"publisher\":{\"@id\":\"https:\\\/\\\/www.merletoys.com\\\/en\\\/#organization\"},\"potentialAction\":[{\"@type\":\"SearchAction\",\"target\":{\"@type\":\"EntryPoint\",\"urlTemplate\":\"https:\\\/\\\/www.merletoys.com\\\/en\\\/?s={search_term_string}\"},\"query-input\":{\"@type\":\"PropertyValueSpecification\",\"valueRequired\":true,\"valueName\":\"search_term_string\"}}],\"inLanguage\":\"en-US\"},{\"@type\":\"Organization\",\"@id\":\"https:\\\/\\\/www.merletoys.com\\\/en\\\/#organization\",\"name\":\"Merle Toys GmbH\",\"url\":\"https:\\\/\\\/www.merletoys.com\\\/en\\\/\",\"logo\":{\"@type\":\"ImageObject\",\"inLanguage\":\"en-US\",\"@id\":\"https:\\\/\\\/www.merletoys.com\\\/en\\\/#\\\/schema\\\/logo\\\/image\\\/\",\"url\":\"https:\\\/\\\/www.merletoys.com\\\/wp-content\\\/uploads\\\/2021\\\/08\\\/Group-45.png\",\"contentUrl\":\"https:\\\/\\\/www.merletoys.com\\\/wp-content\\\/uploads\\\/2021\\\/08\\\/Group-45.png\",\"width\":388,\"height\":360,\"caption\":\"Merle Toys GmbH\"},\"image\":{\"@id\":\"https:\\\/\\\/www.merletoys.com\\\/en\\\/#\\\/schema\\\/logo\\\/image\\\/\"}}]}<\/script>\n<!-- \/ Yoast SEO plugin. -->","yoast_head_json":{"title":"Wooden Egg Toys \u2013 Perfect for Pretend Play Fun","description":"Discover our lovingly designed wooden egg toys \u2013 perfect for imaginative role play and Montessori-inspired learning for children aged 2 and up.","robots":{"index":"index","follow":"follow","max-snippet":"max-snippet:-1","max-image-preview":"max-image-preview:large","max-video-preview":"max-video-preview:-1"},"canonical":"https:\/\/www.merletoys.com\/en\/product\/wooden-eggs-toy-kids-kitchen-accessories-wood\/","og_locale":"en_US","og_type":"article","og_title":"Wooden Egg Toys \u2013 Perfect for Pretend Play Fun","og_description":"Discover our lovingly designed wooden egg toys \u2013 perfect for imaginative role play and Montessori-inspired learning for children aged 2 and up.","og_url":"https:\/\/www.merletoys.com\/en\/product\/wooden-eggs-toy-kids-kitchen-accessories-wood\/","og_site_name":"Merle Toys","article_modified_time":"2026-04-20T09:15:34+00:00","og_image":[{"width":2000,"height":2000,"url":"https:\/\/www.merletoys.com\/wp-content\/uploads\/2021\/10\/Merle-Toys\u00ae-6-Spielzeug-Eier-Holzeier-fuer-Kinder-ab-2-3-4-Jahren-Kinderkueche-Zubehoer-Holz-Einkaufsladen-Kaufmannsladen-Zubehoer-Ostergeschenke-Kinder-Kaufladen-Zubehoer-aus-Holz2.jpg","type":"image\/jpeg"}],"twitter_card":"summary_large_image","twitter_misc":{"Est. reading time":"1 minute"},"schema":{"@context":"https:\/\/schema.org","@graph":[{"@type":"WebPage","@id":"https:\/\/www.merletoys.com\/en\/product\/wooden-eggs-toy-kids-kitchen-accessories-wood\/","url":"https:\/\/www.merletoys.com\/en\/product\/wooden-eggs-toy-kids-kitchen-accessories-wood\/","name":"Wooden Egg Toys \u2013 Perfect for Pretend Play Fun","isPartOf":{"@id":"https:\/\/www.merletoys.com\/en\/#website"},"primaryImageOfPage":{"@id":"https:\/\/www.merletoys.com\/en\/product\/wooden-eggs-toy-kids-kitchen-accessories-wood\/#primaryimage"},"image":{"@id":"https:\/\/www.merletoys.com\/en\/product\/wooden-eggs-toy-kids-kitchen-accessories-wood\/#primaryimage"},"thumbnailUrl":"https:\/\/www.merletoys.com\/wp-content\/uploads\/2021\/10\/Merle-Toys\u00ae-6-Spielzeug-Eier-Holzeier-fuer-Kinder-ab-2-3-4-Jahren-Kinderkueche-Zubehoer-Holz-Einkaufsladen-Kaufmannsladen-Zubehoer-Ostergeschenke-Kinder-Kaufladen-Zubehoer-aus-Holz2.jpg","datePublished":"2021-10-04T09:34:41+00:00","dateModified":"2026-04-20T09:15:34+00:00","description":"Discover our lovingly designed wooden egg toys \u2013 perfect for imaginative role play and Montessori-inspired learning for children aged 2 and up.","breadcrumb":{"@id":"https:\/\/www.merletoys.com\/en\/product\/wooden-eggs-toy-kids-kitchen-accessories-wood\/#breadcrumb"},"inLanguage":"en-US","potentialAction":[{"@type":"ReadAction","target":["https:\/\/www.merletoys.com\/en\/product\/wooden-eggs-toy-kids-kitchen-accessories-wood\/"]}]},{"@type":"ImageObject","inLanguage":"en-US","@id":"https:\/\/www.merletoys.com\/en\/product\/wooden-eggs-toy-kids-kitchen-accessories-wood\/#primaryimage","url":"https:\/\/www.merletoys.com\/wp-content\/uploads\/2021\/10\/Merle-Toys\u00ae-6-Spielzeug-Eier-Holzeier-fuer-Kinder-ab-2-3-4-Jahren-Kinderkueche-Zubehoer-Holz-Einkaufsladen-Kaufmannsladen-Zubehoer-Ostergeschenke-Kinder-Kaufladen-Zubehoer-aus-Holz2.jpg","contentUrl":"https:\/\/www.merletoys.com\/wp-content\/uploads\/2021\/10\/Merle-Toys\u00ae-6-Spielzeug-Eier-Holzeier-fuer-Kinder-ab-2-3-4-Jahren-Kinderkueche-Zubehoer-Holz-Einkaufsladen-Kaufmannsladen-Zubehoer-Ostergeschenke-Kinder-Kaufladen-Zubehoer-aus-Holz2.jpg","width":2000,"height":2000,"caption":"Sechs bunte spielzeug Eier aus Holz f\u00fcr Kinder, hochwertiges Kinderk\u00fcche Zubeh\u00f6r Holz, perfekt f\u00fcr Kaufladen, Einkaufsladen und Kaufmannsladen Zubeh\u00f6r, tolles Ostergeschenk f\u00fcr Kinder ab 2 Jahren."},{"@type":"BreadcrumbList","@id":"https:\/\/www.merletoys.com\/en\/product\/wooden-eggs-toy-kids-kitchen-accessories-wood\/#breadcrumb","itemListElement":[{"@type":"ListItem","position":1,"name":"Home","item":"https:\/\/www.merletoys.com\/en\/"},{"@type":"ListItem","position":2,"name":"Products","item":"https:\/\/www.merletoys.com\/produkte\/"},{"@type":"ListItem","position":3,"name":"6 wooden egg toys crafted from cherry wood"}]},{"@type":"WebSite","@id":"https:\/\/www.merletoys.com\/en\/#website","url":"https:\/\/www.merletoys.com\/en\/","name":"Merle Toys","description":"Hochwertige Holzspielzeuge f\u00fcr Kinder","publisher":{"@id":"https:\/\/www.merletoys.com\/en\/#organization"},"potentialAction":[{"@type":"SearchAction","target":{"@type":"EntryPoint","urlTemplate":"https:\/\/www.merletoys.com\/en\/?s={search_term_string}"},"query-input":{"@type":"PropertyValueSpecification","valueRequired":true,"valueName":"search_term_string"}}],"inLanguage":"en-US"},{"@type":"Organization","@id":"https:\/\/www.merletoys.com\/en\/#organization","name":"Merle Toys GmbH","url":"https:\/\/www.merletoys.com\/en\/","logo":{"@type":"ImageObject","inLanguage":"en-US","@id":"https:\/\/www.merletoys.com\/en\/#\/schema\/logo\/image\/","url":"https:\/\/www.merletoys.com\/wp-content\/uploads\/2021\/08\/Group-45.png","contentUrl":"https:\/\/www.merletoys.com\/wp-content\/uploads\/2021\/08\/Group-45.png","width":388,"height":360,"caption":"Merle Toys GmbH"},"image":{"@id":"https:\/\/www.merletoys.com\/en\/#\/schema\/logo\/image\/"}}]}},"_links":{"self":[{"href":"https:\/\/www.merletoys.com\/en\/wp-json\/wp\/v2\/product\/3609","targetHints":{"allow":["GET"]}}],"collection":[{"href":"https:\/\/www.merletoys.com\/en\/wp-json\/wp\/v2\/product"}],"about":[{"href":"https:\/\/www.merletoys.com\/en\/wp-json\/wp\/v2\/types\/product"}],"replies":[{"embeddable":true,"href":"https:\/\/www.merletoys.com\/en\/wp-json\/wp\/v2\/comments?post=3609"}],"wp:featuredmedia":[{"embeddable":true,"href":"https:\/\/www.merletoys.com\/en\/wp-json\/wp\/v2\/media\/11995"}],"wp:attachment":[{"href":"https:\/\/www.merletoys.com\/en\/wp-json\/wp\/v2\/media?parent=3609"}],"wp:term":[{"taxonomy":"product_brand","embeddable":true,"href":"https:\/\/www.merletoys.com\/en\/wp-json\/wp\/v2\/product_brand?post=3609"},{"taxonomy":"product_cat","embeddable":true,"href":"https:\/\/www.merletoys.com\/en\/wp-json\/wp\/v2\/product_cat?post=3609"},{"taxonomy":"product_tag","embeddable":true,"href":"https:\/\/www.merletoys.com\/en\/wp-json\/wp\/v2\/product_tag?post=3609"}],"curies":[{"name":"wp","href":"https:\/\/api.w.org\/{rel}","templated":true}]}}