{"id":12391,"date":"2026-01-15T13:40:18","date_gmt":"2026-01-15T11:40:18","guid":{"rendered":"https:\/\/www.merletoys.com\/?post_type=product&#038;p=12391"},"modified":"2026-04-15T12:27:45","modified_gmt":"2026-04-15T10:27:45","slug":"stacking-rings-toy","status":"publish","type":"product","link":"https:\/\/www.merletoys.com\/en\/product\/stacking-rings-toy\/","title":{"rendered":"Wooden Stacking Rings Toy  \u2013 \u201eLeolino\u201c"},"content":{"rendered":"","protected":false},"excerpt":{"rendered":"<ul>\n<li>Suitable from 12 months<\/li>\n<li>Supports motor skills, concentration, and logical thinking<\/li>\n<li>Ideal for little hands<\/li>\n<li>Adorable lion design<\/li>\n<li>100% FSC-certified wood<\/li>\n<\/ul>\n","protected":false},"featured_media":12965,"comment_status":"open","ping_status":"closed","template":"","meta":{"_acf_changed":false},"product_brand":[],"product_cat":[309,327,373,192],"product_tag":[],"class_list":{"0":"post-12391","1":"product","2":"type-product","3":"status-publish","4":"has-post-thumbnail","6":"product_cat-toys","7":"product_cat-sorting-and-stacking-toys","8":"product_cat-toys-for-1-year-old","9":"product_cat-fine-motor-skills-toys","11":"first","12":"instock","13":"taxable","14":"shipping-taxable","15":"purchasable","16":"product-type-simple"},"acf":[],"gallery_images":[12960,12958,12954,12956,12950,12948,12946,12962],"yoast_head":"<!-- This site is optimized with the Yoast SEO plugin v27.5 - https:\/\/yoast.com\/product\/yoast-seo-wordpress\/ -->\n<title>Stacking Rings Toy \u2013 made of FSC\u00ae 100%-certified wood<\/title>\n<meta name=\"description\" content=\"Meet Leolino, a charming stacking rings toy made of FSC\u00ae 100%-certified wood, safe and lovingly designed for babies from 12 months.\" \/>\n<meta name=\"robots\" content=\"index, follow, max-snippet:-1, max-image-preview:large, max-video-preview:-1\" \/>\n<link rel=\"canonical\" href=\"https:\/\/www.merletoys.com\/en\/product\/stacking-rings-toy\/\" \/>\n<meta property=\"og:locale\" content=\"en_US\" \/>\n<meta property=\"og:type\" content=\"article\" \/>\n<meta property=\"og:title\" content=\"Stacking Rings Toy \u2013 made of FSC\u00ae 100%-certified wood\" \/>\n<meta property=\"og:description\" content=\"Meet Leolino, a charming stacking rings toy made of FSC\u00ae 100%-certified wood, safe and lovingly designed for babies from 12 months.\" \/>\n<meta property=\"og:url\" content=\"https:\/\/www.merletoys.com\/en\/product\/stacking-rings-toy\/\" \/>\n<meta property=\"og:site_name\" content=\"Merle Toys\" \/>\n<meta property=\"article:modified_time\" content=\"2026-04-15T10:27:45+00:00\" \/>\n<meta property=\"og:image\" content=\"https:\/\/www.merletoys.com\/wp-content\/uploads\/2026\/01\/Merle-Toys_Stapelturm-Holz-Stapelturm-Stapelspiel-Holz-Steckspiel-Holz-Montessori-Holz-Steckspiel-Holz-Geschenke-fuer-1-jaehrige-jungs-und-maedchen81-scaled.jpg\" \/>\n\t<meta property=\"og:image:width\" content=\"1920\" \/>\n\t<meta property=\"og:image:height\" content=\"2560\" \/>\n\t<meta property=\"og:image:type\" content=\"image\/jpeg\" \/>\n<meta name=\"twitter:card\" content=\"summary_large_image\" \/>\n<meta name=\"twitter:label1\" content=\"Est. reading time\" \/>\n\t<meta name=\"twitter:data1\" content=\"1 minute\" \/>\n<script type=\"application\/ld+json\" class=\"yoast-schema-graph\">{\"@context\":\"https:\\\/\\\/schema.org\",\"@graph\":[{\"@type\":\"WebPage\",\"@id\":\"https:\\\/\\\/www.merletoys.com\\\/en\\\/product\\\/stacking-rings-toy\\\/\",\"url\":\"https:\\\/\\\/www.merletoys.com\\\/en\\\/product\\\/stacking-rings-toy\\\/\",\"name\":\"Stacking Rings Toy \u2013 made of FSC\u00ae 100%-certified wood\",\"isPartOf\":{\"@id\":\"https:\\\/\\\/www.merletoys.com\\\/en\\\/#website\"},\"primaryImageOfPage\":{\"@id\":\"https:\\\/\\\/www.merletoys.com\\\/en\\\/product\\\/stacking-rings-toy\\\/#primaryimage\"},\"image\":{\"@id\":\"https:\\\/\\\/www.merletoys.com\\\/en\\\/product\\\/stacking-rings-toy\\\/#primaryimage\"},\"thumbnailUrl\":\"https:\\\/\\\/www.merletoys.com\\\/wp-content\\\/uploads\\\/2026\\\/01\\\/Merle-Toys_Stapelturm-Holz-Stapelturm-Stapelspiel-Holz-Steckspiel-Holz-Montessori-Holz-Steckspiel-Holz-Geschenke-fuer-1-jaehrige-jungs-und-maedchen81-scaled.jpg\",\"datePublished\":\"2026-01-15T11:40:18+00:00\",\"dateModified\":\"2026-04-15T10:27:45+00:00\",\"description\":\"Meet Leolino, a charming stacking rings toy made of FSC\u00ae 100%-certified wood, safe and lovingly designed for babies from 12 months.\",\"breadcrumb\":{\"@id\":\"https:\\\/\\\/www.merletoys.com\\\/en\\\/product\\\/stacking-rings-toy\\\/#breadcrumb\"},\"inLanguage\":\"en-US\",\"potentialAction\":[{\"@type\":\"ReadAction\",\"target\":[\"https:\\\/\\\/www.merletoys.com\\\/en\\\/product\\\/stacking-rings-toy\\\/\"]}]},{\"@type\":\"ImageObject\",\"inLanguage\":\"en-US\",\"@id\":\"https:\\\/\\\/www.merletoys.com\\\/en\\\/product\\\/stacking-rings-toy\\\/#primaryimage\",\"url\":\"https:\\\/\\\/www.merletoys.com\\\/wp-content\\\/uploads\\\/2026\\\/01\\\/Merle-Toys_Stapelturm-Holz-Stapelturm-Stapelspiel-Holz-Steckspiel-Holz-Montessori-Holz-Steckspiel-Holz-Geschenke-fuer-1-jaehrige-jungs-und-maedchen81-scaled.jpg\",\"contentUrl\":\"https:\\\/\\\/www.merletoys.com\\\/wp-content\\\/uploads\\\/2026\\\/01\\\/Merle-Toys_Stapelturm-Holz-Stapelturm-Stapelspiel-Holz-Steckspiel-Holz-Montessori-Holz-Steckspiel-Holz-Geschenke-fuer-1-jaehrige-jungs-und-maedchen81-scaled.jpg\",\"width\":1920,\"height\":2560,\"caption\":\"Stapelturm Holz von Merle Toys mit L\u00f6wenkopf, f\u00fcnf bunten Stapelringen, FSC-Anh\u00e4nger, Verpackung und Kind im Hintergrund, hochwertiger Holz Stapelturm und Stapelspiel Holz\"},{\"@type\":\"BreadcrumbList\",\"@id\":\"https:\\\/\\\/www.merletoys.com\\\/en\\\/product\\\/stacking-rings-toy\\\/#breadcrumb\",\"itemListElement\":[{\"@type\":\"ListItem\",\"position\":1,\"name\":\"Home\",\"item\":\"https:\\\/\\\/www.merletoys.com\\\/en\\\/\"},{\"@type\":\"ListItem\",\"position\":2,\"name\":\"Products\",\"item\":\"https:\\\/\\\/www.merletoys.com\\\/produkte\\\/\"},{\"@type\":\"ListItem\",\"position\":3,\"name\":\"Wooden Stacking Rings Toy \u2013 \u201eLeolino\u201c\"}]},{\"@type\":\"WebSite\",\"@id\":\"https:\\\/\\\/www.merletoys.com\\\/en\\\/#website\",\"url\":\"https:\\\/\\\/www.merletoys.com\\\/en\\\/\",\"name\":\"Merle Toys\",\"description\":\"Hochwertige Holzspielzeuge f\u00fcr Kinder\",\"publisher\":{\"@id\":\"https:\\\/\\\/www.merletoys.com\\\/en\\\/#organization\"},\"potentialAction\":[{\"@type\":\"SearchAction\",\"target\":{\"@type\":\"EntryPoint\",\"urlTemplate\":\"https:\\\/\\\/www.merletoys.com\\\/en\\\/?s={search_term_string}\"},\"query-input\":{\"@type\":\"PropertyValueSpecification\",\"valueRequired\":true,\"valueName\":\"search_term_string\"}}],\"inLanguage\":\"en-US\"},{\"@type\":\"Organization\",\"@id\":\"https:\\\/\\\/www.merletoys.com\\\/en\\\/#organization\",\"name\":\"Merle Toys GmbH\",\"url\":\"https:\\\/\\\/www.merletoys.com\\\/en\\\/\",\"logo\":{\"@type\":\"ImageObject\",\"inLanguage\":\"en-US\",\"@id\":\"https:\\\/\\\/www.merletoys.com\\\/en\\\/#\\\/schema\\\/logo\\\/image\\\/\",\"url\":\"https:\\\/\\\/www.merletoys.com\\\/wp-content\\\/uploads\\\/2021\\\/08\\\/Group-45.png\",\"contentUrl\":\"https:\\\/\\\/www.merletoys.com\\\/wp-content\\\/uploads\\\/2021\\\/08\\\/Group-45.png\",\"width\":388,\"height\":360,\"caption\":\"Merle Toys GmbH\"},\"image\":{\"@id\":\"https:\\\/\\\/www.merletoys.com\\\/en\\\/#\\\/schema\\\/logo\\\/image\\\/\"}}]}<\/script>\n<!-- \/ Yoast SEO plugin. -->","yoast_head_json":{"title":"Stacking Rings Toy \u2013 made of FSC\u00ae 100%-certified wood","description":"Meet Leolino, a charming stacking rings toy made of FSC\u00ae 100%-certified wood, safe and lovingly designed for babies from 12 months.","robots":{"index":"index","follow":"follow","max-snippet":"max-snippet:-1","max-image-preview":"max-image-preview:large","max-video-preview":"max-video-preview:-1"},"canonical":"https:\/\/www.merletoys.com\/en\/product\/stacking-rings-toy\/","og_locale":"en_US","og_type":"article","og_title":"Stacking Rings Toy \u2013 made of FSC\u00ae 100%-certified wood","og_description":"Meet Leolino, a charming stacking rings toy made of FSC\u00ae 100%-certified wood, safe and lovingly designed for babies from 12 months.","og_url":"https:\/\/www.merletoys.com\/en\/product\/stacking-rings-toy\/","og_site_name":"Merle Toys","article_modified_time":"2026-04-15T10:27:45+00:00","og_image":[{"width":1920,"height":2560,"url":"https:\/\/www.merletoys.com\/wp-content\/uploads\/2026\/01\/Merle-Toys_Stapelturm-Holz-Stapelturm-Stapelspiel-Holz-Steckspiel-Holz-Montessori-Holz-Steckspiel-Holz-Geschenke-fuer-1-jaehrige-jungs-und-maedchen81-scaled.jpg","type":"image\/jpeg"}],"twitter_card":"summary_large_image","twitter_misc":{"Est. reading time":"1 minute"},"schema":{"@context":"https:\/\/schema.org","@graph":[{"@type":"WebPage","@id":"https:\/\/www.merletoys.com\/en\/product\/stacking-rings-toy\/","url":"https:\/\/www.merletoys.com\/en\/product\/stacking-rings-toy\/","name":"Stacking Rings Toy \u2013 made of FSC\u00ae 100%-certified wood","isPartOf":{"@id":"https:\/\/www.merletoys.com\/en\/#website"},"primaryImageOfPage":{"@id":"https:\/\/www.merletoys.com\/en\/product\/stacking-rings-toy\/#primaryimage"},"image":{"@id":"https:\/\/www.merletoys.com\/en\/product\/stacking-rings-toy\/#primaryimage"},"thumbnailUrl":"https:\/\/www.merletoys.com\/wp-content\/uploads\/2026\/01\/Merle-Toys_Stapelturm-Holz-Stapelturm-Stapelspiel-Holz-Steckspiel-Holz-Montessori-Holz-Steckspiel-Holz-Geschenke-fuer-1-jaehrige-jungs-und-maedchen81-scaled.jpg","datePublished":"2026-01-15T11:40:18+00:00","dateModified":"2026-04-15T10:27:45+00:00","description":"Meet Leolino, a charming stacking rings toy made of FSC\u00ae 100%-certified wood, safe and lovingly designed for babies from 12 months.","breadcrumb":{"@id":"https:\/\/www.merletoys.com\/en\/product\/stacking-rings-toy\/#breadcrumb"},"inLanguage":"en-US","potentialAction":[{"@type":"ReadAction","target":["https:\/\/www.merletoys.com\/en\/product\/stacking-rings-toy\/"]}]},{"@type":"ImageObject","inLanguage":"en-US","@id":"https:\/\/www.merletoys.com\/en\/product\/stacking-rings-toy\/#primaryimage","url":"https:\/\/www.merletoys.com\/wp-content\/uploads\/2026\/01\/Merle-Toys_Stapelturm-Holz-Stapelturm-Stapelspiel-Holz-Steckspiel-Holz-Montessori-Holz-Steckspiel-Holz-Geschenke-fuer-1-jaehrige-jungs-und-maedchen81-scaled.jpg","contentUrl":"https:\/\/www.merletoys.com\/wp-content\/uploads\/2026\/01\/Merle-Toys_Stapelturm-Holz-Stapelturm-Stapelspiel-Holz-Steckspiel-Holz-Montessori-Holz-Steckspiel-Holz-Geschenke-fuer-1-jaehrige-jungs-und-maedchen81-scaled.jpg","width":1920,"height":2560,"caption":"Stapelturm Holz von Merle Toys mit L\u00f6wenkopf, f\u00fcnf bunten Stapelringen, FSC-Anh\u00e4nger, Verpackung und Kind im Hintergrund, hochwertiger Holz Stapelturm und Stapelspiel Holz"},{"@type":"BreadcrumbList","@id":"https:\/\/www.merletoys.com\/en\/product\/stacking-rings-toy\/#breadcrumb","itemListElement":[{"@type":"ListItem","position":1,"name":"Home","item":"https:\/\/www.merletoys.com\/en\/"},{"@type":"ListItem","position":2,"name":"Products","item":"https:\/\/www.merletoys.com\/produkte\/"},{"@type":"ListItem","position":3,"name":"Wooden Stacking Rings Toy \u2013 \u201eLeolino\u201c"}]},{"@type":"WebSite","@id":"https:\/\/www.merletoys.com\/en\/#website","url":"https:\/\/www.merletoys.com\/en\/","name":"Merle Toys","description":"Hochwertige Holzspielzeuge f\u00fcr Kinder","publisher":{"@id":"https:\/\/www.merletoys.com\/en\/#organization"},"potentialAction":[{"@type":"SearchAction","target":{"@type":"EntryPoint","urlTemplate":"https:\/\/www.merletoys.com\/en\/?s={search_term_string}"},"query-input":{"@type":"PropertyValueSpecification","valueRequired":true,"valueName":"search_term_string"}}],"inLanguage":"en-US"},{"@type":"Organization","@id":"https:\/\/www.merletoys.com\/en\/#organization","name":"Merle Toys GmbH","url":"https:\/\/www.merletoys.com\/en\/","logo":{"@type":"ImageObject","inLanguage":"en-US","@id":"https:\/\/www.merletoys.com\/en\/#\/schema\/logo\/image\/","url":"https:\/\/www.merletoys.com\/wp-content\/uploads\/2021\/08\/Group-45.png","contentUrl":"https:\/\/www.merletoys.com\/wp-content\/uploads\/2021\/08\/Group-45.png","width":388,"height":360,"caption":"Merle Toys GmbH"},"image":{"@id":"https:\/\/www.merletoys.com\/en\/#\/schema\/logo\/image\/"}}]}},"_links":{"self":[{"href":"https:\/\/www.merletoys.com\/en\/wp-json\/wp\/v2\/product\/12391","targetHints":{"allow":["GET"]}}],"collection":[{"href":"https:\/\/www.merletoys.com\/en\/wp-json\/wp\/v2\/product"}],"about":[{"href":"https:\/\/www.merletoys.com\/en\/wp-json\/wp\/v2\/types\/product"}],"replies":[{"embeddable":true,"href":"https:\/\/www.merletoys.com\/en\/wp-json\/wp\/v2\/comments?post=12391"}],"wp:featuredmedia":[{"embeddable":true,"href":"https:\/\/www.merletoys.com\/en\/wp-json\/wp\/v2\/media\/12965"}],"wp:attachment":[{"href":"https:\/\/www.merletoys.com\/en\/wp-json\/wp\/v2\/media?parent=12391"}],"wp:term":[{"taxonomy":"product_brand","embeddable":true,"href":"https:\/\/www.merletoys.com\/en\/wp-json\/wp\/v2\/product_brand?post=12391"},{"taxonomy":"product_cat","embeddable":true,"href":"https:\/\/www.merletoys.com\/en\/wp-json\/wp\/v2\/product_cat?post=12391"},{"taxonomy":"product_tag","embeddable":true,"href":"https:\/\/www.merletoys.com\/en\/wp-json\/wp\/v2\/product_tag?post=12391"}],"curies":[{"name":"wp","href":"https:\/\/api.w.org\/{rel}","templated":true}]}}