{"id":12373,"date":"2024-10-16T11:37:45","date_gmt":"2024-10-16T09:37:45","guid":{"rendered":"https:\/\/www.merletoys.com\/product\/100-baby-cotton-blanket-with-3d-appliques-adventure-friends\/"},"modified":"2026-04-15T12:27:37","modified_gmt":"2026-04-15T10:27:37","slug":"100-baby-cotton-blanket-with-3d-elements-adventure-friends","status":"publish","type":"product","link":"https:\/\/www.merletoys.com\/en\/product\/100-baby-cotton-blanket-with-3d-elements-adventure-friends\/","title":{"rendered":"100% Baby Cotton Blanket with 3D Elements, Adventure friends"},"content":{"rendered":"","protected":false},"excerpt":{"rendered":"<ul>\n<li>100% organic cotton (GOTS and OEKO-TEX\u00ae STANDARD 100 certified)<\/li>\n<li>Breathable and hypoallergenic<\/li>\n<li>Interactive, hand-sewn 3D elements<\/li>\n<li>Perfect for all seasons<\/li>\n<li>Versatile use (snuggle blanket, play mat, stroller blanket, comfort blanket)<\/li>\n<li>Sustainable packaging in a premium gift box with ribbon<\/li>\n<\/ul>\n","protected":false},"featured_media":13061,"comment_status":"open","ping_status":"closed","template":"","meta":{"_acf_changed":false},"product_brand":[],"product_cat":[306,379],"product_tag":[],"class_list":{"0":"post-12373","1":"product","2":"type-product","3":"status-publish","4":"has-post-thumbnail","6":"product_cat-baby-blankets","7":"product_cat-interactive-baby-blanket","9":"first","10":"instock","11":"sale","12":"taxable","13":"shipping-taxable","14":"purchasable","15":"product-type-simple"},"acf":[],"gallery_images":[13062,13064,13068,13066,13072,13074,13076,13070],"yoast_head":"<!-- This site is optimized with the Yoast SEO plugin v27.5 - https:\/\/yoast.com\/product\/yoast-seo-wordpress\/ -->\n<title>Baby Cotton Blanket \u2013 Adventure Friends | GOTS &amp; OEKO-TEX\u00ae<\/title>\n<meta name=\"description\" content=\"Our baby cotton blanket with adorable 3D elements playfully supports your baby\u2019s sense of touch and grasping skills, as well as hand-eye coordination.\" \/>\n<meta name=\"robots\" content=\"index, follow, max-snippet:-1, max-image-preview:large, max-video-preview:-1\" \/>\n<link rel=\"canonical\" href=\"https:\/\/www.merletoys.com\/en\/product\/100-baby-cotton-blanket-with-3d-elements-adventure-friends\/\" \/>\n<meta property=\"og:locale\" content=\"en_US\" \/>\n<meta property=\"og:type\" content=\"article\" \/>\n<meta property=\"og:title\" content=\"Baby Cotton Blanket \u2013 Adventure Friends | GOTS &amp; OEKO-TEX\u00ae\" \/>\n<meta property=\"og:description\" content=\"Our baby cotton blanket with adorable 3D elements playfully supports your baby\u2019s sense of touch and grasping skills, as well as hand-eye coordination.\" \/>\n<meta property=\"og:url\" content=\"https:\/\/www.merletoys.com\/en\/product\/100-baby-cotton-blanket-with-3d-elements-adventure-friends\/\" \/>\n<meta property=\"og:site_name\" content=\"Merle Toys\" \/>\n<meta property=\"article:modified_time\" content=\"2026-04-15T10:27:37+00:00\" \/>\n<meta property=\"og:image\" content=\"https:\/\/www.merletoys.com\/wp-content\/uploads\/2024\/10\/Merle-Toys-Baumwoll-Babydecke-Schmusedecke-Baby-decke-zum-Pucken-Kuscheldecke-Baby-Abenteuerfreunde1-1.jpg\" \/>\n\t<meta property=\"og:image:width\" content=\"2000\" \/>\n\t<meta property=\"og:image:height\" content=\"2000\" \/>\n\t<meta property=\"og:image:type\" content=\"image\/jpeg\" \/>\n<meta name=\"twitter:card\" content=\"summary_large_image\" \/>\n<meta name=\"twitter:label1\" content=\"Est. reading time\" \/>\n\t<meta name=\"twitter:data1\" content=\"1 minute\" \/>\n<script type=\"application\/ld+json\" class=\"yoast-schema-graph\">{\"@context\":\"https:\\\/\\\/schema.org\",\"@graph\":[{\"@type\":\"WebPage\",\"@id\":\"https:\\\/\\\/www.merletoys.com\\\/en\\\/product\\\/100-baby-cotton-blanket-with-3d-elements-adventure-friends\\\/\",\"url\":\"https:\\\/\\\/www.merletoys.com\\\/en\\\/product\\\/100-baby-cotton-blanket-with-3d-elements-adventure-friends\\\/\",\"name\":\"Baby Cotton Blanket \u2013 Adventure Friends | GOTS & OEKO-TEX\u00ae\",\"isPartOf\":{\"@id\":\"https:\\\/\\\/www.merletoys.com\\\/en\\\/#website\"},\"primaryImageOfPage\":{\"@id\":\"https:\\\/\\\/www.merletoys.com\\\/en\\\/product\\\/100-baby-cotton-blanket-with-3d-elements-adventure-friends\\\/#primaryimage\"},\"image\":{\"@id\":\"https:\\\/\\\/www.merletoys.com\\\/en\\\/product\\\/100-baby-cotton-blanket-with-3d-elements-adventure-friends\\\/#primaryimage\"},\"thumbnailUrl\":\"https:\\\/\\\/www.merletoys.com\\\/wp-content\\\/uploads\\\/2024\\\/10\\\/Merle-Toys-Baumwoll-Babydecke-Schmusedecke-Baby-decke-zum-Pucken-Kuscheldecke-Baby-Abenteuerfreunde1-1.jpg\",\"datePublished\":\"2024-10-16T09:37:45+00:00\",\"dateModified\":\"2026-04-15T10:27:37+00:00\",\"description\":\"Our baby cotton blanket with adorable 3D elements playfully supports your baby\u2019s sense of touch and grasping skills, as well as hand-eye coordination.\",\"breadcrumb\":{\"@id\":\"https:\\\/\\\/www.merletoys.com\\\/en\\\/product\\\/100-baby-cotton-blanket-with-3d-elements-adventure-friends\\\/#breadcrumb\"},\"inLanguage\":\"en-US\",\"potentialAction\":[{\"@type\":\"ReadAction\",\"target\":[\"https:\\\/\\\/www.merletoys.com\\\/en\\\/product\\\/100-baby-cotton-blanket-with-3d-elements-adventure-friends\\\/\"]}]},{\"@type\":\"ImageObject\",\"inLanguage\":\"en-US\",\"@id\":\"https:\\\/\\\/www.merletoys.com\\\/en\\\/product\\\/100-baby-cotton-blanket-with-3d-elements-adventure-friends\\\/#primaryimage\",\"url\":\"https:\\\/\\\/www.merletoys.com\\\/wp-content\\\/uploads\\\/2024\\\/10\\\/Merle-Toys-Baumwoll-Babydecke-Schmusedecke-Baby-decke-zum-Pucken-Kuscheldecke-Baby-Abenteuerfreunde1-1.jpg\",\"contentUrl\":\"https:\\\/\\\/www.merletoys.com\\\/wp-content\\\/uploads\\\/2024\\\/10\\\/Merle-Toys-Baumwoll-Babydecke-Schmusedecke-Baby-decke-zum-Pucken-Kuscheldecke-Baby-Abenteuerfreunde1-1.jpg\",\"width\":2000,\"height\":2000,\"caption\":\"Die Merle Toys Baumwoll Babydecke Savannenfreunde als Bio Babydecke in Geschenkverpackung mit Gru\u00dfkarte, passend f\u00fcr alle, die eine hochwertige Babydecke kaufen m\u00f6chten.\"},{\"@type\":\"BreadcrumbList\",\"@id\":\"https:\\\/\\\/www.merletoys.com\\\/en\\\/product\\\/100-baby-cotton-blanket-with-3d-elements-adventure-friends\\\/#breadcrumb\",\"itemListElement\":[{\"@type\":\"ListItem\",\"position\":1,\"name\":\"Home\",\"item\":\"https:\\\/\\\/www.merletoys.com\\\/en\\\/\"},{\"@type\":\"ListItem\",\"position\":2,\"name\":\"Products\",\"item\":\"https:\\\/\\\/www.merletoys.com\\\/produkte\\\/\"},{\"@type\":\"ListItem\",\"position\":3,\"name\":\"100% Baby Cotton Blanket with 3D Elements, Adventure friends\"}]},{\"@type\":\"WebSite\",\"@id\":\"https:\\\/\\\/www.merletoys.com\\\/en\\\/#website\",\"url\":\"https:\\\/\\\/www.merletoys.com\\\/en\\\/\",\"name\":\"Merle Toys\",\"description\":\"Hochwertige Holzspielzeuge f\u00fcr Kinder\",\"publisher\":{\"@id\":\"https:\\\/\\\/www.merletoys.com\\\/en\\\/#organization\"},\"potentialAction\":[{\"@type\":\"SearchAction\",\"target\":{\"@type\":\"EntryPoint\",\"urlTemplate\":\"https:\\\/\\\/www.merletoys.com\\\/en\\\/?s={search_term_string}\"},\"query-input\":{\"@type\":\"PropertyValueSpecification\",\"valueRequired\":true,\"valueName\":\"search_term_string\"}}],\"inLanguage\":\"en-US\"},{\"@type\":\"Organization\",\"@id\":\"https:\\\/\\\/www.merletoys.com\\\/en\\\/#organization\",\"name\":\"Merle Toys GmbH\",\"url\":\"https:\\\/\\\/www.merletoys.com\\\/en\\\/\",\"logo\":{\"@type\":\"ImageObject\",\"inLanguage\":\"en-US\",\"@id\":\"https:\\\/\\\/www.merletoys.com\\\/en\\\/#\\\/schema\\\/logo\\\/image\\\/\",\"url\":\"https:\\\/\\\/www.merletoys.com\\\/wp-content\\\/uploads\\\/2021\\\/08\\\/Group-45.png\",\"contentUrl\":\"https:\\\/\\\/www.merletoys.com\\\/wp-content\\\/uploads\\\/2021\\\/08\\\/Group-45.png\",\"width\":388,\"height\":360,\"caption\":\"Merle Toys GmbH\"},\"image\":{\"@id\":\"https:\\\/\\\/www.merletoys.com\\\/en\\\/#\\\/schema\\\/logo\\\/image\\\/\"}}]}<\/script>\n<!-- \/ Yoast SEO plugin. -->","yoast_head_json":{"title":"Baby Cotton Blanket \u2013 Adventure Friends | GOTS & OEKO-TEX\u00ae","description":"Our baby cotton blanket with adorable 3D elements playfully supports your baby\u2019s sense of touch and grasping skills, as well as hand-eye coordination.","robots":{"index":"index","follow":"follow","max-snippet":"max-snippet:-1","max-image-preview":"max-image-preview:large","max-video-preview":"max-video-preview:-1"},"canonical":"https:\/\/www.merletoys.com\/en\/product\/100-baby-cotton-blanket-with-3d-elements-adventure-friends\/","og_locale":"en_US","og_type":"article","og_title":"Baby Cotton Blanket \u2013 Adventure Friends | GOTS & OEKO-TEX\u00ae","og_description":"Our baby cotton blanket with adorable 3D elements playfully supports your baby\u2019s sense of touch and grasping skills, as well as hand-eye coordination.","og_url":"https:\/\/www.merletoys.com\/en\/product\/100-baby-cotton-blanket-with-3d-elements-adventure-friends\/","og_site_name":"Merle Toys","article_modified_time":"2026-04-15T10:27:37+00:00","og_image":[{"width":2000,"height":2000,"url":"https:\/\/www.merletoys.com\/wp-content\/uploads\/2024\/10\/Merle-Toys-Baumwoll-Babydecke-Schmusedecke-Baby-decke-zum-Pucken-Kuscheldecke-Baby-Abenteuerfreunde1-1.jpg","type":"image\/jpeg"}],"twitter_card":"summary_large_image","twitter_misc":{"Est. reading time":"1 minute"},"schema":{"@context":"https:\/\/schema.org","@graph":[{"@type":"WebPage","@id":"https:\/\/www.merletoys.com\/en\/product\/100-baby-cotton-blanket-with-3d-elements-adventure-friends\/","url":"https:\/\/www.merletoys.com\/en\/product\/100-baby-cotton-blanket-with-3d-elements-adventure-friends\/","name":"Baby Cotton Blanket \u2013 Adventure Friends | GOTS & OEKO-TEX\u00ae","isPartOf":{"@id":"https:\/\/www.merletoys.com\/en\/#website"},"primaryImageOfPage":{"@id":"https:\/\/www.merletoys.com\/en\/product\/100-baby-cotton-blanket-with-3d-elements-adventure-friends\/#primaryimage"},"image":{"@id":"https:\/\/www.merletoys.com\/en\/product\/100-baby-cotton-blanket-with-3d-elements-adventure-friends\/#primaryimage"},"thumbnailUrl":"https:\/\/www.merletoys.com\/wp-content\/uploads\/2024\/10\/Merle-Toys-Baumwoll-Babydecke-Schmusedecke-Baby-decke-zum-Pucken-Kuscheldecke-Baby-Abenteuerfreunde1-1.jpg","datePublished":"2024-10-16T09:37:45+00:00","dateModified":"2026-04-15T10:27:37+00:00","description":"Our baby cotton blanket with adorable 3D elements playfully supports your baby\u2019s sense of touch and grasping skills, as well as hand-eye coordination.","breadcrumb":{"@id":"https:\/\/www.merletoys.com\/en\/product\/100-baby-cotton-blanket-with-3d-elements-adventure-friends\/#breadcrumb"},"inLanguage":"en-US","potentialAction":[{"@type":"ReadAction","target":["https:\/\/www.merletoys.com\/en\/product\/100-baby-cotton-blanket-with-3d-elements-adventure-friends\/"]}]},{"@type":"ImageObject","inLanguage":"en-US","@id":"https:\/\/www.merletoys.com\/en\/product\/100-baby-cotton-blanket-with-3d-elements-adventure-friends\/#primaryimage","url":"https:\/\/www.merletoys.com\/wp-content\/uploads\/2024\/10\/Merle-Toys-Baumwoll-Babydecke-Schmusedecke-Baby-decke-zum-Pucken-Kuscheldecke-Baby-Abenteuerfreunde1-1.jpg","contentUrl":"https:\/\/www.merletoys.com\/wp-content\/uploads\/2024\/10\/Merle-Toys-Baumwoll-Babydecke-Schmusedecke-Baby-decke-zum-Pucken-Kuscheldecke-Baby-Abenteuerfreunde1-1.jpg","width":2000,"height":2000,"caption":"Die Merle Toys Baumwoll Babydecke Savannenfreunde als Bio Babydecke in Geschenkverpackung mit Gru\u00dfkarte, passend f\u00fcr alle, die eine hochwertige Babydecke kaufen m\u00f6chten."},{"@type":"BreadcrumbList","@id":"https:\/\/www.merletoys.com\/en\/product\/100-baby-cotton-blanket-with-3d-elements-adventure-friends\/#breadcrumb","itemListElement":[{"@type":"ListItem","position":1,"name":"Home","item":"https:\/\/www.merletoys.com\/en\/"},{"@type":"ListItem","position":2,"name":"Products","item":"https:\/\/www.merletoys.com\/produkte\/"},{"@type":"ListItem","position":3,"name":"100% Baby Cotton Blanket with 3D Elements, Adventure friends"}]},{"@type":"WebSite","@id":"https:\/\/www.merletoys.com\/en\/#website","url":"https:\/\/www.merletoys.com\/en\/","name":"Merle Toys","description":"Hochwertige Holzspielzeuge f\u00fcr Kinder","publisher":{"@id":"https:\/\/www.merletoys.com\/en\/#organization"},"potentialAction":[{"@type":"SearchAction","target":{"@type":"EntryPoint","urlTemplate":"https:\/\/www.merletoys.com\/en\/?s={search_term_string}"},"query-input":{"@type":"PropertyValueSpecification","valueRequired":true,"valueName":"search_term_string"}}],"inLanguage":"en-US"},{"@type":"Organization","@id":"https:\/\/www.merletoys.com\/en\/#organization","name":"Merle Toys GmbH","url":"https:\/\/www.merletoys.com\/en\/","logo":{"@type":"ImageObject","inLanguage":"en-US","@id":"https:\/\/www.merletoys.com\/en\/#\/schema\/logo\/image\/","url":"https:\/\/www.merletoys.com\/wp-content\/uploads\/2021\/08\/Group-45.png","contentUrl":"https:\/\/www.merletoys.com\/wp-content\/uploads\/2021\/08\/Group-45.png","width":388,"height":360,"caption":"Merle Toys GmbH"},"image":{"@id":"https:\/\/www.merletoys.com\/en\/#\/schema\/logo\/image\/"}}]}},"_links":{"self":[{"href":"https:\/\/www.merletoys.com\/en\/wp-json\/wp\/v2\/product\/12373","targetHints":{"allow":["GET"]}}],"collection":[{"href":"https:\/\/www.merletoys.com\/en\/wp-json\/wp\/v2\/product"}],"about":[{"href":"https:\/\/www.merletoys.com\/en\/wp-json\/wp\/v2\/types\/product"}],"replies":[{"embeddable":true,"href":"https:\/\/www.merletoys.com\/en\/wp-json\/wp\/v2\/comments?post=12373"}],"wp:featuredmedia":[{"embeddable":true,"href":"https:\/\/www.merletoys.com\/en\/wp-json\/wp\/v2\/media\/13061"}],"wp:attachment":[{"href":"https:\/\/www.merletoys.com\/en\/wp-json\/wp\/v2\/media?parent=12373"}],"wp:term":[{"taxonomy":"product_brand","embeddable":true,"href":"https:\/\/www.merletoys.com\/en\/wp-json\/wp\/v2\/product_brand?post=12373"},{"taxonomy":"product_cat","embeddable":true,"href":"https:\/\/www.merletoys.com\/en\/wp-json\/wp\/v2\/product_cat?post=12373"},{"taxonomy":"product_tag","embeddable":true,"href":"https:\/\/www.merletoys.com\/en\/wp-json\/wp\/v2\/product_tag?post=12373"}],"curies":[{"name":"wp","href":"https:\/\/api.w.org\/{rel}","templated":true}]}}