{"id":10168,"date":"2025-06-05T10:37:37","date_gmt":"2025-06-05T08:37:37","guid":{"rendered":"https:\/\/www.merletoys.com\/?post_type=product&#038;p=10168"},"modified":"2026-04-20T11:04:49","modified_gmt":"2026-04-20T09:04:49","slug":"3-in-1-baby-potty-in-yellow-blue","status":"publish","type":"product","link":"https:\/\/www.merletoys.com\/en\/product\/3-in-1-baby-potty-in-yellow-blue\/","title":{"rendered":"3-in-1 Baby Potty in Yellow\/Blue"},"content":{"rendered":"","protected":false},"excerpt":{"rendered":"<ul>\n<li>3-in-1 Baby Potty, Toilet Seat &amp; Step Stool in One<\/li>\n<li>Super stable &amp; non-slip<\/li>\n<li>Comfortable seat height thanks to the ergonomic design<\/li>\n<li>Easy to empty and clean<\/li>\n<li>High load capacity: up to 30 kg<\/li>\n<\/ul>\n","protected":false},"featured_media":13504,"comment_status":"open","ping_status":"closed","template":"","meta":{"_acf_changed":false},"product_brand":[],"product_cat":[368,369],"product_tag":[],"class_list":{"0":"post-10168","1":"product","2":"type-product","3":"status-publish","4":"has-post-thumbnail","6":"product_cat-potties","7":"product_cat-3in1-baby-potty","9":"first","10":"instock","11":"taxable","12":"shipping-taxable","13":"purchasable","14":"product-type-simple"},"acf":[],"gallery_images":[13507,13501,13517,13513,13511,13515,13505,13519,13521],"yoast_head":"<!-- This site is optimized with the Yoast SEO plugin v27.5 - https:\/\/yoast.com\/product\/yoast-seo-wordpress\/ -->\n<title>3-in-1 Baby Potty in Yellow\/Blue: with Toilet Seat &amp; Step Stool<\/title>\n<meta name=\"description\" content=\"Our baby potty supports your child through potty training: practical for everyday use, hygienic, and quick to clean. For little everyday successes!\" \/>\n<meta name=\"robots\" content=\"index, follow, max-snippet:-1, max-image-preview:large, max-video-preview:-1\" \/>\n<link rel=\"canonical\" href=\"https:\/\/www.merletoys.com\/en\/product\/3-in-1-baby-potty-in-yellow-blue\/\" \/>\n<meta property=\"og:locale\" content=\"en_US\" \/>\n<meta property=\"og:type\" content=\"article\" \/>\n<meta property=\"og:title\" content=\"3-in-1 Baby Potty in Yellow\/Blue: with Toilet Seat &amp; Step Stool\" \/>\n<meta property=\"og:description\" content=\"Our baby potty supports your child through potty training: practical for everyday use, hygienic, and quick to clean. For little everyday successes!\" \/>\n<meta property=\"og:url\" content=\"https:\/\/www.merletoys.com\/en\/product\/3-in-1-baby-potty-in-yellow-blue\/\" \/>\n<meta property=\"og:site_name\" content=\"Merle Toys\" \/>\n<meta property=\"article:modified_time\" content=\"2026-04-20T09:04:49+00:00\" \/>\n<meta property=\"og:image\" content=\"https:\/\/www.merletoys.com\/wp-content\/uploads\/2025\/06\/Merle-Toys-Baby-Toepfchen-Toilettentrainer-Kindersitz-fuer-WC-Topf-fuer-Babys52.jpg\" \/>\n\t<meta property=\"og:image:width\" content=\"2000\" \/>\n\t<meta property=\"og:image:height\" content=\"2000\" \/>\n\t<meta property=\"og:image:type\" content=\"image\/jpeg\" \/>\n<meta name=\"twitter:card\" content=\"summary_large_image\" \/>\n<meta name=\"twitter:label1\" content=\"Est. reading time\" \/>\n\t<meta name=\"twitter:data1\" content=\"1 minute\" \/>\n<script type=\"application\/ld+json\" class=\"yoast-schema-graph\">{\"@context\":\"https:\\\/\\\/schema.org\",\"@graph\":[{\"@type\":\"WebPage\",\"@id\":\"https:\\\/\\\/www.merletoys.com\\\/en\\\/product\\\/3-in-1-baby-potty-in-yellow-blue\\\/\",\"url\":\"https:\\\/\\\/www.merletoys.com\\\/en\\\/product\\\/3-in-1-baby-potty-in-yellow-blue\\\/\",\"name\":\"3-in-1 Baby Potty in Yellow\\\/Blue: with Toilet Seat & Step Stool\",\"isPartOf\":{\"@id\":\"https:\\\/\\\/www.merletoys.com\\\/en\\\/#website\"},\"primaryImageOfPage\":{\"@id\":\"https:\\\/\\\/www.merletoys.com\\\/en\\\/product\\\/3-in-1-baby-potty-in-yellow-blue\\\/#primaryimage\"},\"image\":{\"@id\":\"https:\\\/\\\/www.merletoys.com\\\/en\\\/product\\\/3-in-1-baby-potty-in-yellow-blue\\\/#primaryimage\"},\"thumbnailUrl\":\"https:\\\/\\\/www.merletoys.com\\\/wp-content\\\/uploads\\\/2025\\\/06\\\/Merle-Toys-Baby-Toepfchen-Toilettentrainer-Kindersitz-fuer-WC-Topf-fuer-Babys52.jpg\",\"datePublished\":\"2025-06-05T08:37:37+00:00\",\"dateModified\":\"2026-04-20T09:04:49+00:00\",\"description\":\"Our baby potty supports your child through potty training: practical for everyday use, hygienic, and quick to clean. For little everyday successes!\",\"breadcrumb\":{\"@id\":\"https:\\\/\\\/www.merletoys.com\\\/en\\\/product\\\/3-in-1-baby-potty-in-yellow-blue\\\/#breadcrumb\"},\"inLanguage\":\"en-US\",\"potentialAction\":[{\"@type\":\"ReadAction\",\"target\":[\"https:\\\/\\\/www.merletoys.com\\\/en\\\/product\\\/3-in-1-baby-potty-in-yellow-blue\\\/\"]}]},{\"@type\":\"ImageObject\",\"inLanguage\":\"en-US\",\"@id\":\"https:\\\/\\\/www.merletoys.com\\\/en\\\/product\\\/3-in-1-baby-potty-in-yellow-blue\\\/#primaryimage\",\"url\":\"https:\\\/\\\/www.merletoys.com\\\/wp-content\\\/uploads\\\/2025\\\/06\\\/Merle-Toys-Baby-Toepfchen-Toilettentrainer-Kindersitz-fuer-WC-Topf-fuer-Babys52.jpg\",\"contentUrl\":\"https:\\\/\\\/www.merletoys.com\\\/wp-content\\\/uploads\\\/2025\\\/06\\\/Merle-Toys-Baby-Toepfchen-Toilettentrainer-Kindersitz-fuer-WC-Topf-fuer-Babys52.jpg\",\"width\":2000,\"height\":2000,\"caption\":\"Baby T\u00f6pfchen in Blau und Gelb als 3-in-1-L\u00f6sung mit T\u00f6pfchen, WC-Aufsatz und Tritthocker, gezeigt in mehreren Anwendungssituationen; ideal als Toilettentrainer, Kindersitz f\u00fcr WC und Topf f\u00fcr Babys.\"},{\"@type\":\"BreadcrumbList\",\"@id\":\"https:\\\/\\\/www.merletoys.com\\\/en\\\/product\\\/3-in-1-baby-potty-in-yellow-blue\\\/#breadcrumb\",\"itemListElement\":[{\"@type\":\"ListItem\",\"position\":1,\"name\":\"Home\",\"item\":\"https:\\\/\\\/www.merletoys.com\\\/en\\\/\"},{\"@type\":\"ListItem\",\"position\":2,\"name\":\"Products\",\"item\":\"https:\\\/\\\/www.merletoys.com\\\/produkte\\\/\"},{\"@type\":\"ListItem\",\"position\":3,\"name\":\"3-in-1 Baby Potty in Yellow\\\/Blue\"}]},{\"@type\":\"WebSite\",\"@id\":\"https:\\\/\\\/www.merletoys.com\\\/en\\\/#website\",\"url\":\"https:\\\/\\\/www.merletoys.com\\\/en\\\/\",\"name\":\"Merle Toys\",\"description\":\"Hochwertige Holzspielzeuge f\u00fcr Kinder\",\"publisher\":{\"@id\":\"https:\\\/\\\/www.merletoys.com\\\/en\\\/#organization\"},\"potentialAction\":[{\"@type\":\"SearchAction\",\"target\":{\"@type\":\"EntryPoint\",\"urlTemplate\":\"https:\\\/\\\/www.merletoys.com\\\/en\\\/?s={search_term_string}\"},\"query-input\":{\"@type\":\"PropertyValueSpecification\",\"valueRequired\":true,\"valueName\":\"search_term_string\"}}],\"inLanguage\":\"en-US\"},{\"@type\":\"Organization\",\"@id\":\"https:\\\/\\\/www.merletoys.com\\\/en\\\/#organization\",\"name\":\"Merle Toys GmbH\",\"url\":\"https:\\\/\\\/www.merletoys.com\\\/en\\\/\",\"logo\":{\"@type\":\"ImageObject\",\"inLanguage\":\"en-US\",\"@id\":\"https:\\\/\\\/www.merletoys.com\\\/en\\\/#\\\/schema\\\/logo\\\/image\\\/\",\"url\":\"https:\\\/\\\/www.merletoys.com\\\/wp-content\\\/uploads\\\/2021\\\/08\\\/Group-45.png\",\"contentUrl\":\"https:\\\/\\\/www.merletoys.com\\\/wp-content\\\/uploads\\\/2021\\\/08\\\/Group-45.png\",\"width\":388,\"height\":360,\"caption\":\"Merle Toys GmbH\"},\"image\":{\"@id\":\"https:\\\/\\\/www.merletoys.com\\\/en\\\/#\\\/schema\\\/logo\\\/image\\\/\"}}]}<\/script>\n<!-- \/ Yoast SEO plugin. -->","yoast_head_json":{"title":"3-in-1 Baby Potty in Yellow\/Blue: with Toilet Seat & Step Stool","description":"Our baby potty supports your child through potty training: practical for everyday use, hygienic, and quick to clean. For little everyday successes!","robots":{"index":"index","follow":"follow","max-snippet":"max-snippet:-1","max-image-preview":"max-image-preview:large","max-video-preview":"max-video-preview:-1"},"canonical":"https:\/\/www.merletoys.com\/en\/product\/3-in-1-baby-potty-in-yellow-blue\/","og_locale":"en_US","og_type":"article","og_title":"3-in-1 Baby Potty in Yellow\/Blue: with Toilet Seat & Step Stool","og_description":"Our baby potty supports your child through potty training: practical for everyday use, hygienic, and quick to clean. For little everyday successes!","og_url":"https:\/\/www.merletoys.com\/en\/product\/3-in-1-baby-potty-in-yellow-blue\/","og_site_name":"Merle Toys","article_modified_time":"2026-04-20T09:04:49+00:00","og_image":[{"width":2000,"height":2000,"url":"https:\/\/www.merletoys.com\/wp-content\/uploads\/2025\/06\/Merle-Toys-Baby-Toepfchen-Toilettentrainer-Kindersitz-fuer-WC-Topf-fuer-Babys52.jpg","type":"image\/jpeg"}],"twitter_card":"summary_large_image","twitter_misc":{"Est. reading time":"1 minute"},"schema":{"@context":"https:\/\/schema.org","@graph":[{"@type":"WebPage","@id":"https:\/\/www.merletoys.com\/en\/product\/3-in-1-baby-potty-in-yellow-blue\/","url":"https:\/\/www.merletoys.com\/en\/product\/3-in-1-baby-potty-in-yellow-blue\/","name":"3-in-1 Baby Potty in Yellow\/Blue: with Toilet Seat & Step Stool","isPartOf":{"@id":"https:\/\/www.merletoys.com\/en\/#website"},"primaryImageOfPage":{"@id":"https:\/\/www.merletoys.com\/en\/product\/3-in-1-baby-potty-in-yellow-blue\/#primaryimage"},"image":{"@id":"https:\/\/www.merletoys.com\/en\/product\/3-in-1-baby-potty-in-yellow-blue\/#primaryimage"},"thumbnailUrl":"https:\/\/www.merletoys.com\/wp-content\/uploads\/2025\/06\/Merle-Toys-Baby-Toepfchen-Toilettentrainer-Kindersitz-fuer-WC-Topf-fuer-Babys52.jpg","datePublished":"2025-06-05T08:37:37+00:00","dateModified":"2026-04-20T09:04:49+00:00","description":"Our baby potty supports your child through potty training: practical for everyday use, hygienic, and quick to clean. For little everyday successes!","breadcrumb":{"@id":"https:\/\/www.merletoys.com\/en\/product\/3-in-1-baby-potty-in-yellow-blue\/#breadcrumb"},"inLanguage":"en-US","potentialAction":[{"@type":"ReadAction","target":["https:\/\/www.merletoys.com\/en\/product\/3-in-1-baby-potty-in-yellow-blue\/"]}]},{"@type":"ImageObject","inLanguage":"en-US","@id":"https:\/\/www.merletoys.com\/en\/product\/3-in-1-baby-potty-in-yellow-blue\/#primaryimage","url":"https:\/\/www.merletoys.com\/wp-content\/uploads\/2025\/06\/Merle-Toys-Baby-Toepfchen-Toilettentrainer-Kindersitz-fuer-WC-Topf-fuer-Babys52.jpg","contentUrl":"https:\/\/www.merletoys.com\/wp-content\/uploads\/2025\/06\/Merle-Toys-Baby-Toepfchen-Toilettentrainer-Kindersitz-fuer-WC-Topf-fuer-Babys52.jpg","width":2000,"height":2000,"caption":"Baby T\u00f6pfchen in Blau und Gelb als 3-in-1-L\u00f6sung mit T\u00f6pfchen, WC-Aufsatz und Tritthocker, gezeigt in mehreren Anwendungssituationen; ideal als Toilettentrainer, Kindersitz f\u00fcr WC und Topf f\u00fcr Babys."},{"@type":"BreadcrumbList","@id":"https:\/\/www.merletoys.com\/en\/product\/3-in-1-baby-potty-in-yellow-blue\/#breadcrumb","itemListElement":[{"@type":"ListItem","position":1,"name":"Home","item":"https:\/\/www.merletoys.com\/en\/"},{"@type":"ListItem","position":2,"name":"Products","item":"https:\/\/www.merletoys.com\/produkte\/"},{"@type":"ListItem","position":3,"name":"3-in-1 Baby Potty in Yellow\/Blue"}]},{"@type":"WebSite","@id":"https:\/\/www.merletoys.com\/en\/#website","url":"https:\/\/www.merletoys.com\/en\/","name":"Merle Toys","description":"Hochwertige Holzspielzeuge f\u00fcr Kinder","publisher":{"@id":"https:\/\/www.merletoys.com\/en\/#organization"},"potentialAction":[{"@type":"SearchAction","target":{"@type":"EntryPoint","urlTemplate":"https:\/\/www.merletoys.com\/en\/?s={search_term_string}"},"query-input":{"@type":"PropertyValueSpecification","valueRequired":true,"valueName":"search_term_string"}}],"inLanguage":"en-US"},{"@type":"Organization","@id":"https:\/\/www.merletoys.com\/en\/#organization","name":"Merle Toys GmbH","url":"https:\/\/www.merletoys.com\/en\/","logo":{"@type":"ImageObject","inLanguage":"en-US","@id":"https:\/\/www.merletoys.com\/en\/#\/schema\/logo\/image\/","url":"https:\/\/www.merletoys.com\/wp-content\/uploads\/2021\/08\/Group-45.png","contentUrl":"https:\/\/www.merletoys.com\/wp-content\/uploads\/2021\/08\/Group-45.png","width":388,"height":360,"caption":"Merle Toys GmbH"},"image":{"@id":"https:\/\/www.merletoys.com\/en\/#\/schema\/logo\/image\/"}}]}},"_links":{"self":[{"href":"https:\/\/www.merletoys.com\/en\/wp-json\/wp\/v2\/product\/10168","targetHints":{"allow":["GET"]}}],"collection":[{"href":"https:\/\/www.merletoys.com\/en\/wp-json\/wp\/v2\/product"}],"about":[{"href":"https:\/\/www.merletoys.com\/en\/wp-json\/wp\/v2\/types\/product"}],"replies":[{"embeddable":true,"href":"https:\/\/www.merletoys.com\/en\/wp-json\/wp\/v2\/comments?post=10168"}],"wp:featuredmedia":[{"embeddable":true,"href":"https:\/\/www.merletoys.com\/en\/wp-json\/wp\/v2\/media\/13504"}],"wp:attachment":[{"href":"https:\/\/www.merletoys.com\/en\/wp-json\/wp\/v2\/media?parent=10168"}],"wp:term":[{"taxonomy":"product_brand","embeddable":true,"href":"https:\/\/www.merletoys.com\/en\/wp-json\/wp\/v2\/product_brand?post=10168"},{"taxonomy":"product_cat","embeddable":true,"href":"https:\/\/www.merletoys.com\/en\/wp-json\/wp\/v2\/product_cat?post=10168"},{"taxonomy":"product_tag","embeddable":true,"href":"https:\/\/www.merletoys.com\/en\/wp-json\/wp\/v2\/product_tag?post=10168"}],"curies":[{"name":"wp","href":"https:\/\/api.w.org\/{rel}","templated":true}]}}